{"id":657,"date":"2021-04-27T18:21:47","date_gmt":"2021-04-27T17:21:47","guid":{"rendered":"https:\/\/www.activedreams.ch\/?page_id=657"},"modified":"2025-07-06T21:04:33","modified_gmt":"2025-07-06T20:04:33","slug":"news","status":"publish","type":"page","link":"https:\/\/www.activedreams.ch\/en\/news\/","title":{"rendered":"Outside"},"content":{"rendered":"<p><strong>Limitles Moment<br \/>\nKomm mit uns und sammle unvergessliche Momente.<\/strong><br \/>\nGerne berichten wir \u00fcber vergangene Touren und unvergessliche Erlebnisse. M\u00f6chtest auch Du eine atemberaubende Reise machen? Z\u00f6gere nicht und starte Dein pers\u00f6nliches <strong>Abenteuer Berg<\/strong> mit uns!<\/p>\n","protected":false},"excerpt":{"rendered":"<p>Limitles Moment Komm mit uns und sammle unvergessliche Momente. Gerne berichten wir \u00fcber vergangene Touren [&hellip;]<\/p>\n","protected":false},"author":2,"featured_media":0,"parent":0,"menu_order":0,"comment_status":"closed","ping_status":"closed","template":"","meta":{"_acf_changed":false,"footnotes":""},"class_list":["post-657","page","type-page","status-publish","hentry"],"acf":[],"_links":{"self":[{"href":"https:\/\/www.activedreams.ch\/en\/wp-json\/wp\/v2\/pages\/657","targetHints":{"allow":["GET"]}}],"collection":[{"href":"https:\/\/www.activedreams.ch\/en\/wp-json\/wp\/v2\/pages"}],"about":[{"href":"https:\/\/www.activedreams.ch\/en\/wp-json\/wp\/v2\/types\/page"}],"author":[{"embeddable":true,"href":"https:\/\/www.activedreams.ch\/en\/wp-json\/wp\/v2\/users\/2"}],"replies":[{"embeddable":true,"href":"https:\/\/www.activedreams.ch\/en\/wp-json\/wp\/v2\/comments?post=657"}],"version-history":[{"count":70,"href":"https:\/\/www.activedreams.ch\/en\/wp-json\/wp\/v2\/pages\/657\/revisions"}],"predecessor-version":[{"id":3499,"href":"https:\/\/www.activedreams.ch\/en\/wp-json\/wp\/v2\/pages\/657\/revisions\/3499"}],"wp:attachment":[{"href":"https:\/\/www.activedreams.ch\/en\/wp-json\/wp\/v2\/media?parent=657"}],"curies":[{"name":"wp","href":"https:\/\/api.w.org\/{rel}","templated":true}]}}